{"id":1541,"date":"2024-07-17T21:16:20","date_gmt":"2024-07-17T19:16:20","guid":{"rendered":"https:\/\/lacasonatorrevieja.com\/?page_id=1541"},"modified":"2024-08-06T08:44:47","modified_gmt":"2024-08-06T06:44:47","slug":"juridisk-information","status":"publish","type":"page","link":"https:\/\/lacasonatorrevieja.com\/sv\/juridisk-information\/","title":{"rendered":"Juridisk information"},"content":{"rendered":"<p>La responsable del tratamiento de los datos recabados es la mercantil TORREGAMMAL SL, con domicilio social en Plaza de Capdepont, 3, 03181, Torrevieja, Alicante, Espa\u00f1a, debidamente inscrita en el Registro Mercantil de Torrevieja, inscripci\u00f3n 1\u00aa, con B53375804. Las presentes condiciones generales rigen \u00fanica y exclusivamente el uso del sitio web de TORREGAMMAL SL por parte de los USUARIOS que accedan al mismo. Las presentes condiciones generales se le exponen al USUARIO en el sitio web TORREGAMMAL SL es en todas y cada una de las p\u00e1ginas, para que las lea, las imprima, archive y acepte a trav\u00e9s de internet y se encuentre plenamente informado.<\/p>\n<p>El acceso al sitio web de TORREGAMMAL SL implica sin reservas la aceptaci\u00f3n de las presentes condiciones generales de uso que el USUARIO afirma comprender en su totalidad. El USUARIO se compromete a no utilizar el sitio web y los servicios que se ofrecen en el mismo para la realizaci\u00f3n de actividades contrarias a la ley y a respetar en todo momento las presentes condiciones generales.<\/p>\n<p>PRIMERA.- CONDICIONES DE ACCESO Y USO<\/p>\n<p>1.1.- La utilizaci\u00f3n del sitio web de TORREGAMMAL SL, no con lleva la obligatoriedad de inscripci\u00f3n del USUARIO. Las condiciones de acceso y uso del presente sitio web se rigen estrictamente por la legalidad vigente y por el principio de buena fe comprometi\u00e9ndose el USUARIO a realizar un buen uso de la web. Quedan prohibidos todos los actos que vulneren la legalidad, derechos o intereses de terceros: derecho a la intimidad, protecci\u00f3n de datos, propiedad intelectual etc. Expresamente TORREGAMMAL SL proh\u00edbe los siguientes:<\/p>\n<p>1.1.1.- Realizar acciones que puedan producir en el sitio web o a trav\u00e9s del mismo por cualquier medio cualquier tipo de da\u00f1o a los sistemas de TORREGAMMAL SL o a terceros.<\/p>\n<p>1.1.2.-\u00a0Realizar sin la debida autorizaci\u00f3n cualquier tipo de publicidad o informaci\u00f3n comercial directamente o de forma encubierta, el env\u00edo de correos masivos (\u201cspaming\u201d) o env\u00edo de grandes mensajes con el fin de bloquear servidores de la red (\u201cmail bombing\u201d).<\/p>\n<p>1.2.- TORREGAMMAL SL, podr\u00e1 interrumpir en cualquier momento el acceso a su sitio web si detecta un uso contrario a la legalidad, la buena fe o a las presentes condiciones generales (ver cl\u00e1usula quinta).<\/p>\n<p>SEGUNDA.- CONTENIDOS<\/p>\n<p>Los contenidos incorporados en este sitio web han sido elaborados e incluidos por:<\/p>\n<p>2.1.- TORREGAMMAL SL utilizando fuentes internas y externas de tal modo que TORREGAMMAL SL \u00fanicamente se hace responsable por los contenidos elaborados de forma interna.<\/p>\n<p>2.2.- Los USUARIOS, a trav\u00e9s de colaboraciones o introducci\u00f3n voluntaria de contenidos, tanto gr\u00e1ficos como escritos, directa o indirectamente a trav\u00e9s de enlaces o links siendo \u00e9stos los \u00fanicos responsables de los mismos y quedando expresamente exento TORREGAMMAL SL de toda responsabilidad. EL USUARIO que introduzca cualquier contenido en el sitio web TORREGAMMAL SL manifiesta la absoluta legalidad y autor\u00eda de los mismos y expresamente asume todo tipo de responsabilidad que se pueda derivar de estos contenidos. El USUARIO tambi\u00e9n se hace responsable de las opiniones introducidas en el chat y foros puestos a su disposici\u00f3n en el sitio web. TORREGAMMAL SL no ser\u00e1 responsable en ning\u00fan caso de las opiniones vertidas en los referidos foros y podr\u00e1 retirar o impedir el acceso a los USUARIOS que vulneren la legalidad vigente as\u00ed como poner en conocimiento de Juzgados y Tribunales los hechos que sean constitutivos de alg\u00fan tipo de il\u00edcito penal o civil.<\/p>\n<p>2.3.- TORREGAMMAL SL se reserva el derecho a modificar en cualquier momento los contenidos existentes en su sitio web. TORREGAMMAL SL no asegura ni se responsabiliza del correcto funcionamiento de los enlaces a sitios web de terceros que figuren en lacasonatorrevieja.com. Adem\u00e1s a trav\u00e9s del sitio web de TORREGAMMAL SL se ponen a disposici\u00f3n del usuario servicios gratuitos y de pago ofrecidos por terceros ajenos y que se regir\u00e1n por las condiciones particulares de cada uno de ellos. TORREGAMMAL SL no garantiza la veracidad, exactitud o actualidad de los contenidos y servicios ofrecidos por terceros y queda expresamente exento de todo tipo de responsabilidad por los da\u00f1os y perjuicios que puedan derivarse de la falta de exactitud de estos contenidos y servicios.<\/p>\n<p>TERCERA.- RESPONSABILIDAD<\/p>\n<p>3.1.- TORREGAMMAL SL en ning\u00fan caso ser\u00e1 responsable de:<\/p>\n<p>3.1.1.-\u00a0Los fallos e incidencias que pudieran producirse en las comunicaciones, borrado o transmisiones incompletas de manera que no se garantiza que los servicios del sitio web est\u00e9n constantemente operativos.<\/p>\n<p>3.1.2.-\u00a0De la producci\u00f3n de cualquier tipo de da\u00f1o que los USUARIOS o terceros pudiesen ocasionar en el sitio web.<\/p>\n<p>3.1.3.- De la fiabilidad y veracidad de las informaciones introducidas por terceros en el sitio web, bien directamente, bien a trav\u00e9s de enlaces o links. Asimismo, TORREGAMMAL SL colaborar\u00e1 y notificar\u00e1 a la autoridad competente estas incidencias en el momento en que tenga conocimiento fehaciente de que los da\u00f1os ocasionados constituyan cualquier tipo de actividad il\u00edcita.<\/p>\n<p>3.2.- TORREGAMMAL SL se reserva el derecho a suspender el acceso sin previo aviso de forma discrecional y con car\u00e1cter definitivo o temporal hasta el aseguramiento de la efectiva responsabilidad de los da\u00f1os que pudieran producirse. Asimismo, TORREGAMMAL SL colaborar\u00e1 y notificar\u00e1 a la autoridad competente estas incidencias en el momento en que tenga conocimiento fehaciente de que los da\u00f1os ocasionados constituyan cualquier tipo de actividad il\u00edcita.<\/p>\n<p>CUARTA.- DERECHOS DE AUTOR Y MARCA<\/p>\n<p>El sitio web de TORREGAMMAL SL, los contenidos propios, la programaci\u00f3n y el dise\u00f1o del sitio web se encuentra plenamente protegido por los derechos de autor, quedando expresamente prohibida toda reproducci\u00f3n, comunicaci\u00f3n, distribuci\u00f3n y transformaci\u00f3n de los referidos elementos protegidos salvo consentimiento expreso de TORREGAMMAL SL. Los materiales tanto gr\u00e1ficos como escritos enviados por los usuarios a trav\u00e9s de los medios que se ponen a su disposici\u00f3n en el sitio web son propiedad del usuario que afirma al enviarlos su leg\u00edtima autor\u00eda y cede los derechos de reproducci\u00f3n y distribuci\u00f3n al PROPIETARIO.<\/p>\n<p>QUINTA.- JURISDICCI\u00d3N Y LEY APLICABLE<\/p>\n<p>Las presentes condiciones generales se rigen por la legislaci\u00f3n espa\u00f1ola. Son competentes para resolver toda controversia o conflicto que se derive de las presentes condiciones generales los Juzgados de Torrevieja renunciando expresamente el USUARIO a cualquier otro fuero que pudiera corresponderle.<\/p>\n<p>En caso de que cualquier cl\u00e1usula del presente documento sea declarada nula, las dem\u00e1s cl\u00e1usulas seguir\u00e1n vigentes y se interpretar\u00e1n teniendo en cuenta la voluntad de las partes y la finalidad misma de las presentes condiciones. TORREGAMMAL SL podr\u00e1 no ejercitar alguno de los derechos y facultades conferidos en este documento lo que no implicar\u00e1 en ning\u00fan caso la renuncia a los mismos salvo reconocimiento expreso por parte de TORREGAMMAL SL.<\/p>\n<p>&nbsp;<\/p>\n<p>1. Identificaci\u00f3n del Responsable de Tratamiento<\/p>\n<p>La responsable del tratamiento de los datos recabados es la mercantil TORREGAMMAL SL, con domicilio social en Plaza de Capdepont, 3, 03181, Torrevieja, Alicante, Espa\u00f1a, debidamente inscrita en el Registro Mercantil de Torrevieja, inscripci\u00f3n 1\u00aa, con B53375804.<\/p>\n<p>TORREGAMMAL SL es la titular del Sitio Web <a class=\"in-cell-link\" href=\"https:\/\/lacasonatorrevieja.com\/\" target=\"_blank\" rel=\"noopener\">lacasonatorrevieja.com<\/a> y de todos los subdominios y directorios incluidos en el mismo (en adelante, conjuntamente denominados como el Sitio Web).<\/p>\n<p>Puedes ponerte en contacto con TORREGAMMAL SL, para cualquier aspecto relacionado con esta pol\u00edtica de cookies, en la direcci\u00f3n de correo electr\u00f3nico: <a href=\"mailto:info@lacasonatorrevieja.com\" target=\"_blank\" rel=\"noopener\">info@lacasonatorrevieja.com<\/a><\/p>\n<h2 style=\"text-align: center;\">Pol\u00edtica de privacidad<\/h2>\n<p>El presente Pol\u00edtica de Privacidad establece los t\u00e9rminos en que <span>TORREGAMMAL SL<\/span> usa y protege la informaci\u00f3n que es proporcionada por sus usuarios al momento de utilizar su sitio web. Esta compa\u00f1\u00eda est\u00e1 comprometida con la seguridad de los datos de sus usuarios. Cuando le pedimos llenar los campos de informaci\u00f3n personal con la cual usted pueda ser identificado, lo hacemos asegurando que s\u00f3lo se emplear\u00e1 de acuerdo con los t\u00e9rminos de este documento. Sin embargo esta Pol\u00edtica de Privacidad puede cambiar con el tiempo o ser actualizada por lo que le recomendamos y enfatizamos revisar continuamente esta p\u00e1gina para asegurarse que est\u00e1 de acuerdo con dichos cambios.<\/p>\n<p><strong>Informaci\u00f3n que es recogida<\/strong><\/p>\n<p>Nuestro sitio web podr\u00e1 recoger informaci\u00f3n personal por ejemplo: Nombre,\u00a0 informaci\u00f3n de contacto como\u00a0 su direcci\u00f3n de correo electr\u00f3nica e informaci\u00f3n demogr\u00e1fica. As\u00ed mismo cuando sea necesario podr\u00e1 ser requerida informaci\u00f3n espec\u00edfica para procesar alg\u00fan pedido o realizar una entrega o facturaci\u00f3n.<\/p>\n<p><strong>Uso de la informaci\u00f3n recogida<\/strong><\/p>\n<p>Nuestro sitio web emplea la informaci\u00f3n con el fin de proporcionar el mejor servicio posible, particularmente para mantener un registro de usuarios, de pedidos en caso que aplique, y mejorar nuestros productos y servicios. \u00a0Es posible que sean enviados correos electr\u00f3nicos peri\u00f3dicamente a trav\u00e9s de nuestro sitio con ofertas especiales, nuevos productos y otra informaci\u00f3n publicitaria que consideremos relevante para usted o que pueda brindarle alg\u00fan beneficio, estos correos electr\u00f3nicos ser\u00e1n enviados a la direcci\u00f3n que usted proporcione y podr\u00e1n ser cancelados en cualquier momento.<\/p>\n<p><span>TORREGAMMAL SL<\/span> est\u00e1 altamente comprometido para cumplir con el compromiso de mantener su informaci\u00f3n segura. Usamos los sistemas m\u00e1s avanzados y los actualizamos constantemente para asegurarnos que no exista ning\u00fan acceso no autorizado.<\/p>\n<p><strong>Enlaces a Terceros<\/strong><\/p>\n<p>Este sitio web pudiera contener en laces a otros sitios que pudieran ser de su inter\u00e9s. Una vez que usted de clic en estos enlaces y abandone nuestra p\u00e1gina, ya no tenemos control sobre al sitio al que es redirigido y por lo tanto no somos responsables de los t\u00e9rminos o privacidad ni de la protecci\u00f3n de sus datos en esos otros sitios terceros. Dichos sitios est\u00e1n sujetos a sus propias pol\u00edticas de privacidad por lo cual es recomendable que los consulte para confirmar que usted est\u00e1 de acuerdo con estas.<\/p>\n<p><strong>Control de su informaci\u00f3n personal<\/strong><\/p>\n<p>En cualquier momento usted puede restringir la recopilaci\u00f3n o el uso de la informaci\u00f3n personal que es proporcionada a nuestro sitio web.\u00a0 Cada vez que se le solicite rellenar un formulario, como el de alta de usuario, puede marcar o desmarcar la opci\u00f3n de recibir informaci\u00f3n por correo electr\u00f3nico. \u00a0En caso de que haya marcado la opci\u00f3n de recibir nuestro bolet\u00edn o publicidad usted puede cancelarla en cualquier momento.<\/p>\n<p>Esta compa\u00f1\u00eda no vender\u00e1, ceder\u00e1 ni distribuir\u00e1 la informaci\u00f3n personal que es recopilada sin su consentimiento, salvo que sea requerido por un juez con un orden judicial.<\/p>\n<p>Para cualquier informaci\u00f3n complementaria, no dude en contactar mediante el correo<span>\u00a0<\/span><a href=\"mailto:info@lacasonatorrevieja.com\">info@lacasonatorrevieja.com<\/a><\/p>\n<p><span>TORREGAMMAL SL <\/span>se reserva el derecho de cambiar los t\u00e9rminos de la presente Pol\u00edtica de Privacidad en cualquier momento.<\/p>\n<h2 style=\"text-align: center;\">Pol\u00edtica de Cookies<\/h2>\n<p>Este sitio web no utiliza ninguna cookie<\/p>\n","protected":false},"excerpt":{"rendered":"<p>La responsable del tratamiento de los datos recabados es la mercantil TORREGAMMAL SL, con domicilio social en Plaza de Capdepont, 3, 03181, Torrevieja, Alicante, Espa\u00f1a, debidamente inscrita en el Registro Mercantil de Torrevieja, inscripci\u00f3n 1\u00aa, con B53375804. Las presentes condiciones generales rigen \u00fanica y exclusivamente el uso del sitio web de TORREGAMMAL SL por parte [&hellip;]<\/p>\n","protected":false},"author":5,"featured_media":0,"parent":0,"menu_order":0,"comment_status":"closed","ping_status":"open","template":"","meta":{"footnotes":""},"class_list":["post-1541","page","type-page","status-publish","hentry"],"yoast_head":"<!-- This site is optimized with the Yoast SEO plugin v27.2 - https:\/\/yoast.com\/product\/yoast-seo-wordpress\/ -->\n<title>Juridisk information - La Casona Torrevieja<\/title>\n<meta name=\"robots\" content=\"index, follow, max-snippet:-1, max-image-preview:large, max-video-preview:-1\" \/>\n<link rel=\"canonical\" href=\"https:\/\/lacasonatorrevieja.com\/sv\/juridisk-information\/\" \/>\n<meta property=\"og:locale\" content=\"sv_SE\" \/>\n<meta property=\"og:type\" content=\"article\" \/>\n<meta property=\"og:title\" content=\"Juridisk information - La Casona Torrevieja\" \/>\n<meta property=\"og:description\" content=\"La responsable del tratamiento de los datos recabados es la mercantil TORREGAMMAL SL, con domicilio social en Plaza de Capdepont, 3, 03181, Torrevieja, Alicante, Espa\u00f1a, debidamente inscrita en el Registro Mercantil de Torrevieja, inscripci\u00f3n 1\u00aa, con B53375804. Las presentes condiciones generales rigen \u00fanica y exclusivamente el uso del sitio web de TORREGAMMAL SL por parte [&hellip;]\" \/>\n<meta property=\"og:url\" content=\"https:\/\/lacasonatorrevieja.com\/sv\/juridisk-information\/\" \/>\n<meta property=\"og:site_name\" content=\"La Casona Torrevieja\" \/>\n<meta property=\"article:modified_time\" content=\"2024-08-06T06:44:47+00:00\" \/>\n<meta name=\"twitter:card\" content=\"summary_large_image\" \/>\n<meta name=\"twitter:label1\" content=\"Ber\u00e4knad l\u00e4stid\" \/>\n\t<meta name=\"twitter:data1\" content=\"8 minuter\" \/>\n<script type=\"application\/ld+json\" class=\"yoast-schema-graph\">{\"@context\":\"https:\/\/schema.org\",\"@graph\":[{\"@type\":\"WebPage\",\"@id\":\"https:\/\/lacasonatorrevieja.com\/sv\/juridisk-information\/\",\"url\":\"https:\/\/lacasonatorrevieja.com\/sv\/juridisk-information\/\",\"name\":\"Juridisk information - La Casona Torrevieja\",\"isPartOf\":{\"@id\":\"https:\/\/lacasonatorrevieja.com\/sv\/#website\"},\"datePublished\":\"2024-07-17T19:16:20+00:00\",\"dateModified\":\"2024-08-06T06:44:47+00:00\",\"breadcrumb\":{\"@id\":\"https:\/\/lacasonatorrevieja.com\/sv\/juridisk-information\/#breadcrumb\"},\"inLanguage\":\"sv-SE\",\"potentialAction\":[{\"@type\":\"ReadAction\",\"target\":[\"https:\/\/lacasonatorrevieja.com\/sv\/juridisk-information\/\"]}]},{\"@type\":\"BreadcrumbList\",\"@id\":\"https:\/\/lacasonatorrevieja.com\/sv\/juridisk-information\/#breadcrumb\",\"itemListElement\":[{\"@type\":\"ListItem\",\"position\":1,\"name\":\"Portada\",\"item\":\"https:\/\/lacasonatorrevieja.com\/sv\/\"},{\"@type\":\"ListItem\",\"position\":2,\"name\":\"Juridisk information\"}]},{\"@type\":\"WebSite\",\"@id\":\"https:\/\/lacasonatorrevieja.com\/sv\/#website\",\"url\":\"https:\/\/lacasonatorrevieja.com\/sv\/\",\"name\":\"La Casona Torrevieja\",\"description\":\"\",\"inLanguage\":\"sv-SE\"}]}<\/script>\n<!-- \/ Yoast SEO plugin. -->","yoast_head_json":{"title":"Juridisk information - La Casona Torrevieja","robots":{"index":"index","follow":"follow","max-snippet":"max-snippet:-1","max-image-preview":"max-image-preview:large","max-video-preview":"max-video-preview:-1"},"canonical":"https:\/\/lacasonatorrevieja.com\/sv\/juridisk-information\/","og_locale":"sv_SE","og_type":"article","og_title":"Juridisk information - La Casona Torrevieja","og_description":"La responsable del tratamiento de los datos recabados es la mercantil TORREGAMMAL SL, con domicilio social en Plaza de Capdepont, 3, 03181, Torrevieja, Alicante, Espa\u00f1a, debidamente inscrita en el Registro Mercantil de Torrevieja, inscripci\u00f3n 1\u00aa, con B53375804. Las presentes condiciones generales rigen \u00fanica y exclusivamente el uso del sitio web de TORREGAMMAL SL por parte [&hellip;]","og_url":"https:\/\/lacasonatorrevieja.com\/sv\/juridisk-information\/","og_site_name":"La Casona Torrevieja","article_modified_time":"2024-08-06T06:44:47+00:00","twitter_card":"summary_large_image","twitter_misc":{"Ber\u00e4knad l\u00e4stid":"8 minuter"},"schema":{"@context":"https:\/\/schema.org","@graph":[{"@type":"WebPage","@id":"https:\/\/lacasonatorrevieja.com\/sv\/juridisk-information\/","url":"https:\/\/lacasonatorrevieja.com\/sv\/juridisk-information\/","name":"Juridisk information - La Casona Torrevieja","isPartOf":{"@id":"https:\/\/lacasonatorrevieja.com\/sv\/#website"},"datePublished":"2024-07-17T19:16:20+00:00","dateModified":"2024-08-06T06:44:47+00:00","breadcrumb":{"@id":"https:\/\/lacasonatorrevieja.com\/sv\/juridisk-information\/#breadcrumb"},"inLanguage":"sv-SE","potentialAction":[{"@type":"ReadAction","target":["https:\/\/lacasonatorrevieja.com\/sv\/juridisk-information\/"]}]},{"@type":"BreadcrumbList","@id":"https:\/\/lacasonatorrevieja.com\/sv\/juridisk-information\/#breadcrumb","itemListElement":[{"@type":"ListItem","position":1,"name":"Portada","item":"https:\/\/lacasonatorrevieja.com\/sv\/"},{"@type":"ListItem","position":2,"name":"Juridisk information"}]},{"@type":"WebSite","@id":"https:\/\/lacasonatorrevieja.com\/sv\/#website","url":"https:\/\/lacasonatorrevieja.com\/sv\/","name":"La Casona Torrevieja","description":"","inLanguage":"sv-SE"}]}},"_links":{"self":[{"href":"https:\/\/lacasonatorrevieja.com\/sv\/wp-json\/wp\/v2\/pages\/1541","targetHints":{"allow":["GET"]}}],"collection":[{"href":"https:\/\/lacasonatorrevieja.com\/sv\/wp-json\/wp\/v2\/pages"}],"about":[{"href":"https:\/\/lacasonatorrevieja.com\/sv\/wp-json\/wp\/v2\/types\/page"}],"author":[{"embeddable":true,"href":"https:\/\/lacasonatorrevieja.com\/sv\/wp-json\/wp\/v2\/users\/5"}],"replies":[{"embeddable":true,"href":"https:\/\/lacasonatorrevieja.com\/sv\/wp-json\/wp\/v2\/comments?post=1541"}],"version-history":[{"count":2,"href":"https:\/\/lacasonatorrevieja.com\/sv\/wp-json\/wp\/v2\/pages\/1541\/revisions"}],"predecessor-version":[{"id":1969,"href":"https:\/\/lacasonatorrevieja.com\/sv\/wp-json\/wp\/v2\/pages\/1541\/revisions\/1969"}],"wp:attachment":[{"href":"https:\/\/lacasonatorrevieja.com\/sv\/wp-json\/wp\/v2\/media?parent=1541"}],"curies":[{"name":"wp","href":"https:\/\/api.w.org\/{rel}","templated":true}]}}